{"id":161,"date":"2023-11-28T11:09:00","date_gmt":"2023-11-28T10:09:00","guid":{"rendered":"http:\/\/galerijampb.rs\/?page_id=161"},"modified":"2025-05-27T23:13:35","modified_gmt":"2025-05-27T21:13:35","slug":"zbirke-publikacije","status":"publish","type":"page","link":"https:\/\/galerijampb.rs\/en\/o-nama\/zbirke-publikacije\/","title":{"rendered":"Collections \/ Publications"},"content":{"rendered":"<div class=\"wp-block-cover alignfull is-light has-parallax\"><div role=\"img\" aria-label=\"\u0441\u0443\u0432\u0435\u043d\u0438\u0440\u0438\" class=\"wp-block-cover__image-background wp-image-532 size-large has-parallax\" style=\"background-position:50% 50%;background-image:url(https:\/\/galerijampb.rs\/wp-content\/uploads\/2023\/12\/\u0441\u0443\u0432\u0435\u043d\u0438\u0440\u0438-1024x768.jpeg)\"><\/div><span aria-hidden=\"true\" class=\"wp-block-cover__background has-background-dim-20 has-background-dim\" style=\"background-color:#a69a8d\"><\/span><div class=\"wp-block-cover__inner-container is-layout-constrained wp-block-cover-is-layout-constrained\">\n<div class=\"wp-block-cover\"><span aria-hidden=\"true\" class=\"wp-block-cover__background has-black-background-color has-background-dim-80 has-background-dim\"><\/span><div class=\"wp-block-cover__inner-container is-layout-constrained wp-block-cover-is-layout-constrained\">\n<h2 class=\"wp-block-heading has-ast-global-color-5-color has-text-color has-link-color wp-elements-76d73f761926ab5cb6997de8051bb2cb\">Collections \/ Publications<\/h2>\n\n\n\n<h4 class=\"wp-block-heading has-ast-global-color-5-color has-text-color has-link-color wp-elements-8a5aae424b3057a243befa391b268bfc\">Collections<\/h4>\n\n\n\n<p class=\"has-ast-global-color-5-color has-text-color has-link-color wp-elements-bbbd1da003ab8e805189023a8c4cb46b\">Milena\u2019s Home Foundation \u2013 Milena Pavlovic Barilli Gallery has in its fund:<\/p>\n\n\n\n<p class=\"has-ast-global-color-5-color has-text-color has-link-color wp-elements-180de0697297acdab0bd81fb244db52d\">1) 894 works of art by Milena Pavlovi\u0107 Barilli from the Collection of the Milena Pavlovi\u0107 Barilli Gallery<\/p>\n\n\n\n<p class=\"has-ast-global-color-5-color has-text-color has-link-color wp-elements-33dd6b732f0c8e2a99e0e67970e70585\">of which 136 oils, 51 pastels, 286 tempera and watercolors, 6 prints and 415 drawings.<\/p>\n\n\n\n<p class=\"has-ast-global-color-5-color has-text-color has-link-color wp-elements-d8be2e5c3bd790896222ed8ecdad632c\">2) 9 works of art from the Family Heritage Collection,<\/p>\n\n\n\n<p class=\"has-ast-global-color-5-color has-text-color has-link-color wp-elements-814d60f8584fd8854c4acbea681495a7\">3) 73 works of art from the Contemporary Art Collection,<\/p>\n\n\n\n<p class=\"has-ast-global-color-5-color has-text-color has-link-color wp-elements-1f15b84e73e3d637e3473012555eec20\">4) 52 illustrations, letters, photographs of the Collection of Legatee of Olje Batavelji\u0107,<\/p>\n\n\n\n<p class=\"has-ast-global-color-5-color has-text-color has-link-color wp-elements-b1b3b73585d06e495c97bc51d186b782\">5) 12 illustrations of the Commercial Design Collection<\/p>\n\n\n\n<h4 class=\"wp-block-heading has-ast-global-color-5-color has-text-color has-link-color wp-elements-cfc7324f14e36a24705b344a1f2a7abc\">Publications<\/h4>\n\n\n\n<p class=\"has-ast-global-color-5-color has-text-color has-link-color wp-elements-8f31e28cf136a3bcd5ca009ba84e505d\"><strong>NOVELS:<\/strong><\/p>\n\n\n\n<ol class=\"wp-block-list\">\n<li>Kosta Dimitrijevi\u0107, Smilja Stojanovi\u0107-Guleski, \"Klju\u010devi snova slikarstva\", Bagdala, Kru\u0161evac 1971.<\/li>\n\n\n\n<li>Mirjana Mitrovi\u0107, \"Autoportret sa Milenom\", BIGZ, Belgrade 1990. 2. edition: Alfa, Belgrade, 2005. 3. edition: Laguna, Belgrade 2009.<\/li>\n\n\n\n<li>Slobodan Stojanovi\u0107, \"Devojka sa lampom 1936\u2033, Centar za kulturu, Po\u017earevac 1997.<\/li>\n\n\n\n<li>Adele Mazzola, \"\u0410quae passeris\", Clio, Belgrade, 2000. 2. edition: Hesperia edu, Belgrade 2007. 3. edition: Pendragon, Bologna 2009.<\/li>\n\n\n\n<li>Danica Pavlovi\u0107 Barili, \"Milenin \u017eivot\", Fondacija Milenin dom, Po\u017earevac 2020.<\/li>\n\n\n\n<li>Maja Herman Sekuli\u0107, \u201eDevet \u017eivota Milene Pavlovi\u0107 Barilli\u201c, Fondacija Milenin dom, Po\u017earevac 2021.<\/li>\n\n\n\n<li>Maja Herman Sekuli\u0107, \"Nine lives of Milena Pavlovic Barilli\", Fondacija Milenin dom, Po\u017earevac 2021.<\/li>\n\n\n\n<li>Smiljana Stojanovi\u0107, \"Palim onaj mesec\", Fondacija Milenin dom, Po\u017earevac 2022.<\/li>\n\n\n\n<li>Maja Herman Sekuli\u0107, \"Le nove vite di Milena Pavlovic Barilli\", Il Cuscino di Stelle, Pereto 2022.<\/li>\n<\/ol>\n\n\n\n<p class=\"has-ast-global-color-5-color has-text-color has-link-color wp-elements-10ed29fc4d1bb672be84641b89fd2ca7\"><strong>PLAYS:<\/strong>:<\/p>\n\n\n\n<ol class=\"wp-block-list\">\n<li>Slobodan Markovi\u0107, \"Milena Barili: \u017eena sa velom i lepezom\", Brani\u010devo, Po\u017earevac 1969.<\/li>\n\n\n\n<li>\u0421\u0438\u043d\u0438\u0448\u0430 \u0420\u0438\u0441\u0442\u0438\u045b, \u201e\u0421\u0430 \u0430\u043d\u0452\u0435\u043b\u0438\u043c\u0430 \u0458\u0435 \u043b\u0430\u043a\u0448\u0435\u201c, \u041c\u043e\u0431\u0430\u0440\u043e\u0432 \u0438\u043d\u0441\u0442\u0438\u0442\u0443\u0442 \u043f\u0438\u0448\u0447\u0435\u0432\u0438\u0445 \u0438\u0437\u0434\u0430\u045a\u0430, \u0411\u0435\u043e\u0433\u0440\u0430\u0434 2000.<\/li>\n\n\n\n<li>Sanja Domazet, \"Krila od olova\" 2004.<\/li>\n\n\n\n<li>\u0421\u0430\u045a\u0430 \u0414\u043e\u043c\u0430\u0437\u0435\u0442, \"\u041c\u0435\u0441\u0435\u0446 \u0443 \u043f\u043b\u0430\u043c\u0435\u043d\u0443\" 2009.<\/li>\n<\/ol>\n\n\n\n<p class=\"has-ast-global-color-5-color has-text-color has-link-color wp-elements-05da8e63c9d8539bceb0699d0e5277f3\"><strong>POETRY:<\/strong><\/p>\n\n\n\n<ol class=\"wp-block-list\">\n<li>Milena Pavlovi\u0107 Barilli, \"Poezija\", Verzal press, Belgrade 1998. (edited by Milisav Milenkovi\u0107)<\/li>\n\n\n\n<li>Milena Pavlovi\u0107 Barili, \"Neverni an\u0111eli\", Nolit, Belgrade 2009. (edited by Milisav Milenkovi\u0107) 2. edition: Prosveta, Belgrade 2012.<\/li>\n\n\n\n<li>Milena Pavlovi\u0107 Barili, \"Poezija\", Fondacija Milenin dom, Po\u017earevac 2014. (edited by Violeta Tomi\u0107)<\/li>\n<\/ol>\n\n\n\n<p class=\"has-ast-global-color-5-color has-text-color has-link-color wp-elements-d16b7c715d7c2ebda77145dbc495f690\"><strong>MOVIES:<\/strong><\/p>\n\n\n\n<ol class=\"wp-block-list\">\n<li>\u201eMilena Pavlovi\u0107 Barilli\u201c written by Miodrag B. Proti\u0107, directed by Ljubi\u0161a Joci\u0107, 1962.<\/li>\n\n\n\n<li>\u201eDevojka sa lampom\u201c written by Slobodan Stojanovi\u0107, directed by Milo\u0161 Radivojevi\u0107, 1992.<\/li>\n\n\n\n<li>\u201eMilena\u201c  written and directed by \u010carna Radoi\u010di\u0107, 2011.<\/li>\n<\/ol>\n\n\n\n<p class=\"has-ast-global-color-5-color has-text-color has-link-color wp-elements-46f8a93c6f58360cdb6a770eb38787f1\"><strong>MONOGRAPHS AND STUDIES<\/strong><\/p>\n\n\n\n<ol class=\"wp-block-list\">\n<li>Miodrag B. Proti\u0107, \u201eMilena Pavlovi\u0107 Barilli\u201c, Prosveta, Belgrade 1966. 2. edition: Centar za kulturu, Narodni muzej, Po\u017earevac 1990. 3. edition: Slu\u017ebeni glasnik, Beograd 2021.<\/li>\n\n\n\n<li>Miodrag B. Proti\u0107, Olga Batavelji\u0107, \u201eMilena Pavlovi\u0107 Barili : retrospektivna izlo\u017eba : 1926-1945\u201c, Muzej savremene umetnosti, Belgrade 1979.<\/li>\n\n\n\n<li>Irina Suboti\u0107, \u201eMilena Pavlovi\u0107 Barili : san je tako divlji\u201c (katalog), SANU, Belgrade 1993.<\/li>\n\n\n\n<li>\u017divoslavka Graovac, \"Ogledalo du\u0161e: Milena Pavlovi\u0107 Barilli\", Prosveta, Belgrade 1999.<\/li>\n\n\n\n<li>Olivera Jankovi\u0107, \u201eMilena Pavlovi\u0107 Barili\u201c, Vojno izdava\u010dki zavod-Prometej, Belgrade\/Novi Sad 2001.<\/li>\n\n\n\n<li>Jelica Milojkovi\u0107, \u201eZvezdanim tragom : Milena Pavlovi\u0107 Barili, sto godina od ro\u0111enja\u201c, SANU, Belgrade 2009.<\/li>\n\n\n\n<li>Nikola Samard\u017ei\u0107, Adele Macola, Olivera Jankovi\u0107, Ljiljana Pe\u0161ikan-Lju\u0161tanovi\u0107, Davide Barili, Jovan Bulaji\u0107, Irina Suboti\u0107, Jelena Baki\u0107, \u010carna Radoi\u010di\u0107, \u201eMilena Pavlovi\u0107 Barili. 1. Vero verius : kritike, \u010dlanci, bibliografija\u201c, Hesperia edu, Belgrade 2009.<\/li>\n\n\n\n<li>Irina Suboti\u0107, Lidija Merenik, Sne\u017eana Kragulj, Dobrila Denegri, Ingrid Huljev, Ljiljana Petrovi\u0107, Zoran Bla\u017eina, \u201eMilena Pavlovi\u0107 Barili. 2. Pro futuro : teme, simboli, zna\u010denja, Hesperia edu\u201c, Belgrade 2009.<\/li>\n\n\n\n<li>Lidija Merenik, Aleksandar Petrovi\u0107, Magdalena Koh, \u201eMilena Pavlovi\u0107 Barili. 3. Ex post : kritike, \u010dlanci, bibliografija\u201c, Hesperia edu, Belgrade 2009.<\/li>\n\n\n\n<li>\u017dana Gvozdenovi\u0107, \u201eMilena Pavlovi\u0107 Barili : Klju\u010devi snova\u201c, Muzej savremene umetnosti, Belgrade 2009.<\/li>\n\n\n\n<li>Simona \u010cupi\u0107, \u201eGra\u0111anski modernizam i popularna kultura : epizode modnog, pomodnog i modernog : (1918-1941)\u201c, Galerija Matice Srpske, Novi Sad 2011. 2. izdanje: Muzej savremene umetnosti, Belgrade 2012.<\/li>\n\n\n\n<li>Jelica Milojkovi\u0107, Miroljub Manojlovi\u0107, \u201eGalerija Milene Pavlovi\u0107 Barili : 50 godina postojanja i rada\u201c, Fondacija Milenin dom, Po\u017earevac 2013.<\/li>\n\n\n\n<li>Violeta Tomi\u0107, \u201ePoezija Mileninih boja\u201c, Mladenovi\u0107, Montreal 2015.<\/li>\n\n\n\n<li>Stefan \u017dari\u0107, \u201eMaison Barilli : Beograd\/Njujork : jedna studija o visokoj modi i visokoj umetnosti\u201c, Fondacija Milenin dom, Po\u017earevac 2018.<\/li>\n\n\n\n<li>Miodrag Kova\u010devi\u0107, \u201eOtkrivanje Milene : novi fragmenti o Mileni Pavlovi\u0107 Barilli\u201c, Fondacija Milenin dom, Po\u017earevac 2019.<\/li>\n\n\n\n<li>M\u0438\u0440\u0458\u0430\u043d\u0430 \u041c\u0438\u0442\u0440\u043e\u0432\u0438\u045b, \u201e\u041a\u0430\u043e \u0432\u0435\u043b\u0438\u043a\u0438 \u043a\u043e\u043c\u043f\u0430\u0441 : \u041c\u0438\u043b\u0435\u043d\u0430 \u041f\u0430\u0432\u043b\u043e\u0432\u0438\u045b \u0411\u0430\u0440\u0438\u043b\u0438 &#8211; \u043f\u0438\u0441\u043c\u0430 \u0438 \u043f\u043e\u0440\u0442\u0440\u0435\u0442\u0438\u201c, \u0424\u043e\u043d\u0434\u0430\u0446\u0438\u0458\u0430 \u041c\u0438\u043b\u0435\u043d\u0438\u043d \u0434\u043e\u043c, \u041f\u043e\u0436\u0430\u0440\u0435\u0432\u0430\u0446 2021.<\/li>\n\n\n\n<li>\u0411\u043e\u0433\u043e\u0459\u0443\u0431 \u041f\u0430\u0432\u043b\u043e\u0432\u0438\u045b, \u201e\u0420\u0430\u0442\u043d\u0438 \u0434\u043d\u0435\u0432\u043d\u0438\u043a \u0411\u043e\u0433\u043e\u0459\u0443\u0431\u0430 \u0411\u043e\u0436\u0435 \u041f\u0430\u0432\u043b\u043e\u0432\u0438\u045b\u0430 : (1914-1916)\u201c, \u0424\u043e\u043d\u0434\u0430\u0446\u0438\u0458\u0430 \u041c\u0438\u043b\u0435\u043d\u0438\u043d \u0434\u043e\u043c, \u041f\u043e\u0436\u0430\u0440\u0435\u0432\u0430\u0446 2022.<\/li>\n\n\n\n<li>Violeta Tomi\u0107, \u201eMilena Pavlovi\u0107 Barilli: svetlost jedne zvezde \u2013 the light of a star\u201c, Fondacija Milenin dom, Po\u017earevac 2024.<\/li>\n<\/ol>\n<\/div><\/div>\n<\/div><\/div>","protected":false},"excerpt":{"rendered":"","protected":false},"author":1,"featured_media":0,"parent":15,"menu_order":1,"comment_status":"closed","ping_status":"closed","template":"","meta":{"_uag_custom_page_level_css":"","site-sidebar-layout":"default","site-content-layout":"","ast-site-content-layout":"","site-content-style":"default","site-sidebar-style":"default","ast-global-header-display":"","ast-banner-title-visibility":"","ast-main-header-display":"","ast-hfb-above-header-display":"","ast-hfb-below-header-display":"","ast-hfb-mobile-header-display":"","site-post-title":"disabled","ast-breadcrumbs-content":"","ast-featured-img":"","footer-sml-layout":"","ast-disable-related-posts":"","theme-transparent-header-meta":"","adv-header-id-meta":"","stick-header-meta":"","header-above-stick-meta":"","header-main-stick-meta":"","header-below-stick-meta":"","astra-migrate-meta-layouts":"default","ast-page-background-enabled":"default","ast-page-background-meta":{"desktop":{"background-color":"var(--ast-global-color-4)","background-image":"","background-repeat":"repeat","background-position":"center center","background-size":"auto","background-attachment":"scroll","background-type":"","background-media":"","overlay-type":"","overlay-color":"","overlay-opacity":"","overlay-gradient":""},"tablet":{"background-color":"","background-image":"","background-repeat":"repeat","background-position":"center center","background-size":"auto","background-attachment":"scroll","background-type":"","background-media":"","overlay-type":"","overlay-color":"","overlay-opacity":"","overlay-gradient":""},"mobile":{"background-color":"","background-image":"","background-repeat":"repeat","background-position":"center center","background-size":"auto","background-attachment":"scroll","background-type":"","background-media":"","overlay-type":"","overlay-color":"","overlay-opacity":"","overlay-gradient":""}},"ast-content-background-meta":{"desktop":{"background-color":"var(--ast-global-color-5)","background-image":"","background-repeat":"repeat","background-position":"center center","background-size":"auto","background-attachment":"scroll","background-type":"","background-media":"","overlay-type":"","overlay-color":"","overlay-opacity":"","overlay-gradient":""},"tablet":{"background-color":"var(--ast-global-color-5)","background-image":"","background-repeat":"repeat","background-position":"center center","background-size":"auto","background-attachment":"scroll","background-type":"","background-media":"","overlay-type":"","overlay-color":"","overlay-opacity":"","overlay-gradient":""},"mobile":{"background-color":"var(--ast-global-color-5)","background-image":"","background-repeat":"repeat","background-position":"center center","background-size":"auto","background-attachment":"scroll","background-type":"","background-media":"","overlay-type":"","overlay-color":"","overlay-opacity":"","overlay-gradient":""}},"footnotes":""},"class_list":["post-161","page","type-page","status-publish","hentry"],"uagb_featured_image_src":{"full":false,"thumbnail":false,"medium":false,"medium_large":false,"large":false,"1536x1536":false,"2048x2048":false,"trp-custom-language-flag":false,"woocommerce_thumbnail":false,"woocommerce_single":false,"woocommerce_gallery_thumbnail":false},"uagb_author_info":{"display_name":"ivan","author_link":"https:\/\/galerijampb.rs\/en\/author\/ivan\/"},"uagb_comment_info":0,"uagb_excerpt":null,"_links":{"self":[{"href":"https:\/\/galerijampb.rs\/en\/wp-json\/wp\/v2\/pages\/161","targetHints":{"allow":["GET"]}}],"collection":[{"href":"https:\/\/galerijampb.rs\/en\/wp-json\/wp\/v2\/pages"}],"about":[{"href":"https:\/\/galerijampb.rs\/en\/wp-json\/wp\/v2\/types\/page"}],"author":[{"embeddable":true,"href":"https:\/\/galerijampb.rs\/en\/wp-json\/wp\/v2\/users\/1"}],"replies":[{"embeddable":true,"href":"https:\/\/galerijampb.rs\/en\/wp-json\/wp\/v2\/comments?post=161"}],"version-history":[{"count":29,"href":"https:\/\/galerijampb.rs\/en\/wp-json\/wp\/v2\/pages\/161\/revisions"}],"predecessor-version":[{"id":1362,"href":"https:\/\/galerijampb.rs\/en\/wp-json\/wp\/v2\/pages\/161\/revisions\/1362"}],"up":[{"embeddable":true,"href":"https:\/\/galerijampb.rs\/en\/wp-json\/wp\/v2\/pages\/15"}],"wp:attachment":[{"href":"https:\/\/galerijampb.rs\/en\/wp-json\/wp\/v2\/media?parent=161"}],"curies":[{"name":"wp","href":"https:\/\/api.w.org\/{rel}","templated":true}]}}