{"id":597,"date":"2023-12-21T12:09:18","date_gmt":"2023-12-21T11:09:18","guid":{"rendered":"https:\/\/galerijampb.rs\/?page_id=597"},"modified":"2025-06-23T17:41:28","modified_gmt":"2025-06-23T15:41:28","slug":"dokumenta","status":"publish","type":"page","link":"https:\/\/galerijampb.rs\/en\/dokumenta\/","title":{"rendered":"Documents"},"content":{"rendered":"<div class=\"wp-block-cover alignfull has-parallax is-repeated\" style=\"min-height:1000px;aspect-ratio:unset;\"><div class=\"wp-block-cover__image-background wp-image-1384 has-parallax is-repeated\" style=\"background-position:50% 16%;background-image:url(https:\/\/galerijampb.rs\/wp-content\/uploads\/2023\/11\/A56A6977.jpg)\"><\/div><span aria-hidden=\"true\" class=\"wp-block-cover__background has-background-dim\"><\/span><div class=\"wp-block-cover__inner-container is-layout-constrained wp-block-cover-is-layout-constrained\">\n<div class=\"wp-block-cover\"><span aria-hidden=\"true\" class=\"wp-block-cover__background has-black-background-color has-background-dim-80 has-background-dim\"><\/span><div class=\"wp-block-cover__inner-container is-layout-constrained wp-block-cover-is-layout-constrained\">\n<p class=\"has-text-align-center has-ast-global-color-5-color has-text-color has-link-color has-large-font-size wp-elements-b39d69f9742a5d1f622a7f08fa75b54d\">Documents<\/p>\n\n\n\n<div class=\"wp-block-file\"><a id=\"wp-block-file--media-56b1131c-9671-4611-8f81-01452bba0012\" href=\"https:\/\/galerijampb.rs\/wp-content\/uploads\/2023\/12\/\u041f\u0440\u0430\u0432\u0438\u043b\u043d\u0438\u043a-\u043e-\u0431\u043b\u0438\u0436\u0435\u043c-\u0443\u0440\u0435\u0452\u0435\u045a\u0443-\u043f\u043b\u0430\u043d\u0438\u0440\u0430\u045a\u0430-\u0458\u0430\u0432\u043d\u0438\u0445-\u043d\u0430\u0431\u0430\u0432\u043a\u0438-\u0441\u043f\u0440\u043e\u0432\u043e\u0452\u0435\u045a\u0430-\u043f\u043e\u0441\u0442\u0443\u043f\u0430\u043a\u0430-\u0458\u0430\u0432\u043d\u0438\u0445-\u043d\u0430\u0431\u0430\u0432\u043a\u0438-\u0438-\u043f\u0440\u0430\u045b\u0435\u045a\u0430-\u0438\u0437\u0432\u0440\u0448\u0435\u045a\u0430-\u0443\u0433\u043e\u0432\u043e\u0440\u0430-\u043e-\u043d\u0430\u0431\u0430\u0432\u043a\u0430\u043c\u0430.pdf\" target=\"_blank\" rel=\"noreferrer noopener\">\u041f\u0440\u0430\u0432\u0438\u043b\u043d\u0438\u043a-\u043e-\u0431\u043b\u0438\u0436\u0435\u043c-\u0443\u0440\u0435\u0452\u0435\u045a\u0443-\u043f\u043b\u0430\u043d\u0438\u0440\u0430\u045a\u0430-\u0458\u0430\u0432\u043d\u0438\u0445-\u043d\u0430\u0431\u0430\u0432\u043a\u0438-\u0441\u043f\u0440\u043e\u0432\u043e\u0452\u0435\u045a\u0430-\u043f\u043e\u0441\u0442\u0443\u043f\u0430\u043a\u0430-\u0458\u0430\u0432\u043d\u0438\u0445-\u043d\u0430\u0431\u0430\u0432\u043a\u0438-\u0438-\u043f\u0440\u0430\u045b\u0435\u045a\u0430-\u0438\u0437\u0432\u0440\u0448\u0435\u045a\u0430-\u0443\u0433\u043e\u0432\u043e\u0440\u0430-\u043e-\u043d\u0430\u0431\u0430\u0432\u043a\u0430\u043c\u0430<\/a><\/div>\n\n\n\n<div class=\"wp-block-file\"><a id=\"wp-block-file--media-a9633045-40f0-4a4d-851b-7876484ed33f\" href=\"https:\/\/galerijampb.rs\/wp-content\/uploads\/2023\/12\/\u041f\u0440\u0430\u0432\u0438\u043b\u043d\u0438\u043a-\u043e-\u0431\u043b\u0438\u0436\u0435\u043c-\u0443\u0440\u0435\u0452\u0435\u045a\u0443-\u0441\u043f\u0440\u043e\u0432\u043e\u0452\u0435\u045a\u0430-\u043f\u043e\u0441\u0442\u0443\u043f\u0430\u043a\u0430-\u043d\u0430\u0431\u0430\u0432\u043a\u0438-\u043d\u0430-\u043a\u043e\u0458\u0435-\u0441\u0435-\u0437\u0430\u043a\u043e\u043d-\u043e-\u0458\u0430\u0432\u043d\u0438\u043c-\u043d\u0430\u0431\u0430\u0432\u043a\u0430\u043c\u0430-\u043d\u0435-\u043f\u0440\u0438\u043c\u0435\u045a\u0443\u0458\u0435.pdf\" target=\"_blank\" rel=\"noreferrer noopener\">\u041f\u0440\u0430\u0432\u0438\u043b\u043d\u0438\u043a-\u043e-\u0431\u043b\u0438\u0436\u0435\u043c-\u0443\u0440\u0435\u0452\u0435\u045a\u0443-\u0441\u043f\u0440\u043e\u0432\u043e\u0452\u0435\u045a\u0430-\u043f\u043e\u0441\u0442\u0443\u043f\u0430\u043a\u0430-\u043d\u0430\u0431\u0430\u0432\u043a\u0438-\u043d\u0430-\u043a\u043e\u0458\u0435-\u0441\u0435-\u0437\u0430\u043a\u043e\u043d-\u043e-\u0458\u0430\u0432\u043d\u0438\u043c-\u043d\u0430\u0431\u0430\u0432\u043a\u0430\u043c\u0430-\u043d\u0435-\u043f\u0440\u0438\u043c\u0435\u045a\u0443\u0458\u0435<\/a><\/div>\n\n\n\n<div class=\"wp-block-file\"><a id=\"wp-block-file--media-34aa50ed-295d-4838-a453-580078719cf1\" href=\"https:\/\/galerijampb.rs\/wp-content\/uploads\/2025\/06\/Finansijski-plan-za-2024.-god.-sa-dopunama-i-izmenama-1-2.pdf\" target=\"_blank\" rel=\"noreferrer noopener\">Finansijski plan za 2024. god. sa dopunama i izmenama 1<\/a><\/div>\n\n\n\n<div class=\"wp-block-file\"><a id=\"wp-block-file--media-9506307e-63b3-482e-85f9-224e8c10c139\" href=\"https:\/\/galerijampb.rs\/wp-content\/uploads\/2025\/06\/Finansijski-plan-za-2024.-god.-sa-dopunama-i-izmenama-2.pdf\" target=\"_blank\" rel=\"noreferrer noopener\">Finansijski plan za 2024. god. sa dopunama i izmenama 2<\/a><\/div>\n\n\n\n<div class=\"wp-block-file\"><a id=\"wp-block-file--media-7a543078-de1b-4643-8878-57edffac94ad\" href=\"https:\/\/galerijampb.rs\/wp-content\/uploads\/2025\/06\/Finansijski-plan-za-2024.-god.-sa-dopunama-i-izmenama-3.pdf\" target=\"_blank\" rel=\"noreferrer noopener\">Finansijski plan za 2024. god. sa dopunama i izmenama 3<\/a><\/div>\n\n\n\n<div class=\"wp-block-file\"><a id=\"wp-block-file--media-ca469499-9842-4934-9d8e-a3c2ea59a084\" href=\"https:\/\/galerijampb.rs\/wp-content\/uploads\/2025\/06\/Finansijski-plan-za-2025.-god.pdf\" target=\"_blank\" rel=\"noreferrer noopener\">Finansijski plan za 2025. god.<\/a><\/div>\n\n\n\n<div class=\"wp-block-file\"><a id=\"wp-block-file--media-dea44373-cffd-4af4-a9f0-ffc7aed14129\" href=\"https:\/\/galerijampb.rs\/wp-content\/uploads\/2025\/06\/Finansijski-plan-za-2025.-god.-Rebalans-1.pdf\" target=\"_blank\" rel=\"noreferrer noopener\">Finansijski plan za 2025. god. &#8211; Rebalans 1<\/a><\/div>\n\n\n\n<div class=\"wp-block-file\"><a id=\"wp-block-file--media-2e4e0ef9-68a8-4c8e-b6ee-45969be11527\" href=\"https:\/\/galerijampb.rs\/wp-content\/uploads\/2025\/06\/Resenje-o-uvodjenju-nove-pozicije-i-Zakljucak-Gradskog-veca-2025.god_-1.pdf\" target=\"_blank\" rel=\"noreferrer noopener\">Re\u0161enje o uvo\u0111enju nove pozicije i Zaklju\u010dak Gradskog ve\u0107a (2025.god.)<\/a><\/div>\n<\/div><\/div>\n<\/div><\/div>\n\n\n\n<p><\/p>","protected":false},"excerpt":{"rendered":"","protected":false},"author":2,"featured_media":0,"parent":0,"menu_order":0,"comment_status":"closed","ping_status":"closed","template":"","meta":{"_uag_custom_page_level_css":"","site-sidebar-layout":"default","site-content-layout":"","ast-site-content-layout":"default","site-content-style":"default","site-sidebar-style":"default","ast-global-header-display":"","ast-banner-title-visibility":"","ast-main-header-display":"","ast-hfb-above-header-display":"","ast-hfb-below-header-display":"","ast-hfb-mobile-header-display":"","site-post-title":"disabled","ast-breadcrumbs-content":"","ast-featured-img":"","footer-sml-layout":"","ast-disable-related-posts":"","theme-transparent-header-meta":"","adv-header-id-meta":"","stick-header-meta":"","header-above-stick-meta":"","header-main-stick-meta":"","header-below-stick-meta":"","astra-migrate-meta-layouts":"default","ast-page-background-enabled":"default","ast-page-background-meta":{"desktop":{"background-color":"var(--ast-global-color-4)","background-image":"","background-repeat":"repeat","background-position":"center center","background-size":"auto","background-attachment":"scroll","background-type":"","background-media":"","overlay-type":"","overlay-color":"","overlay-opacity":"","overlay-gradient":""},"tablet":{"background-color":"","background-image":"","background-repeat":"repeat","background-position":"center center","background-size":"auto","background-attachment":"scroll","background-type":"","background-media":"","overlay-type":"","overlay-color":"","overlay-opacity":"","overlay-gradient":""},"mobile":{"background-color":"","background-image":"","background-repeat":"repeat","background-position":"center center","background-size":"auto","background-attachment":"scroll","background-type":"","background-media":"","overlay-type":"","overlay-color":"","overlay-opacity":"","overlay-gradient":""}},"ast-content-background-meta":{"desktop":{"background-color":"var(--ast-global-color-5)","background-image":"","background-repeat":"repeat","background-position":"center center","background-size":"auto","background-attachment":"scroll","background-type":"","background-media":"","overlay-type":"","overlay-color":"","overlay-opacity":"","overlay-gradient":""},"tablet":{"background-color":"var(--ast-global-color-5)","background-image":"","background-repeat":"repeat","background-position":"center center","background-size":"auto","background-attachment":"scroll","background-type":"","background-media":"","overlay-type":"","overlay-color":"","overlay-opacity":"","overlay-gradient":""},"mobile":{"background-color":"var(--ast-global-color-5)","background-image":"","background-repeat":"repeat","background-position":"center center","background-size":"auto","background-attachment":"scroll","background-type":"","background-media":"","overlay-type":"","overlay-color":"","overlay-opacity":"","overlay-gradient":""}},"footnotes":""},"class_list":["post-597","page","type-page","status-publish","hentry"],"uagb_featured_image_src":{"full":false,"thumbnail":false,"medium":false,"medium_large":false,"large":false,"1536x1536":false,"2048x2048":false,"trp-custom-language-flag":false,"woocommerce_thumbnail":false,"woocommerce_single":false,"woocommerce_gallery_thumbnail":false},"uagb_author_info":{"display_name":"Tamara Stevanovi\u0107","author_link":"https:\/\/galerijampb.rs\/en\/author\/galerija\/"},"uagb_comment_info":0,"uagb_excerpt":null,"_links":{"self":[{"href":"https:\/\/galerijampb.rs\/en\/wp-json\/wp\/v2\/pages\/597","targetHints":{"allow":["GET"]}}],"collection":[{"href":"https:\/\/galerijampb.rs\/en\/wp-json\/wp\/v2\/pages"}],"about":[{"href":"https:\/\/galerijampb.rs\/en\/wp-json\/wp\/v2\/types\/page"}],"author":[{"embeddable":true,"href":"https:\/\/galerijampb.rs\/en\/wp-json\/wp\/v2\/users\/2"}],"replies":[{"embeddable":true,"href":"https:\/\/galerijampb.rs\/en\/wp-json\/wp\/v2\/comments?post=597"}],"version-history":[{"count":15,"href":"https:\/\/galerijampb.rs\/en\/wp-json\/wp\/v2\/pages\/597\/revisions"}],"predecessor-version":[{"id":1388,"href":"https:\/\/galerijampb.rs\/en\/wp-json\/wp\/v2\/pages\/597\/revisions\/1388"}],"wp:attachment":[{"href":"https:\/\/galerijampb.rs\/en\/wp-json\/wp\/v2\/media?parent=597"}],"curies":[{"name":"wp","href":"https:\/\/api.w.org\/{rel}","templated":true}]}}